{"id":364,"date":"2012-01-05T19:24:48","date_gmt":"2012-01-05T19:24:48","guid":{"rendered":"http:\/\/localhost\/modernize\/?page_id=364"},"modified":"2013-04-04T12:31:21","modified_gmt":"2013-04-04T10:31:21","slug":"2-columns-jquery-filterer","status":"publish","type":"page","link":"https:\/\/www.hvgriep.de\/?page_id=364","title":{"rendered":"Angebote"},"content":{"rendered":"<p>Hier k\u00f6nnte auch Ihre Immobilie stehen. Gerne \u00fcbernehmen wir f\u00fcr Sie alle Maklert\u00e4tigkeiten im Bereich Vermietung und Verkauf.<\/p>\n","protected":false},"excerpt":{"rendered":"<p>Hier k\u00f6nnte auch Ihre Immobilie stehen. Gerne \u00fcbernehmen wir f\u00fcr Sie alle Maklert\u00e4tigkeiten im Bereich Vermietung und Verkauf.<\/p>\n","protected":false},"author":3,"featured_media":0,"parent":0,"menu_order":0,"comment_status":"open","ping_status":"open","template":"","meta":{"footnotes":""},"class_list":["post-364","page","type-page","status-publish","hentry"],"_links":{"self":[{"href":"https:\/\/www.hvgriep.de\/index.php?rest_route=\/wp\/v2\/pages\/364","targetHints":{"allow":["GET"]}}],"collection":[{"href":"https:\/\/www.hvgriep.de\/index.php?rest_route=\/wp\/v2\/pages"}],"about":[{"href":"https:\/\/www.hvgriep.de\/index.php?rest_route=\/wp\/v2\/types\/page"}],"author":[{"embeddable":true,"href":"https:\/\/www.hvgriep.de\/index.php?rest_route=\/wp\/v2\/users\/3"}],"replies":[{"embeddable":true,"href":"https:\/\/www.hvgriep.de\/index.php?rest_route=%2Fwp%2Fv2%2Fcomments&post=364"}],"version-history":[{"count":10,"href":"https:\/\/www.hvgriep.de\/index.php?rest_route=\/wp\/v2\/pages\/364\/revisions"}],"predecessor-version":[{"id":3816,"href":"https:\/\/www.hvgriep.de\/index.php?rest_route=\/wp\/v2\/pages\/364\/revisions\/3816"}],"wp:attachment":[{"href":"https:\/\/www.hvgriep.de\/index.php?rest_route=%2Fwp%2Fv2%2Fmedia&parent=364"}],"curies":[{"name":"wp","href":"https:\/\/api.w.org\/{rel}","templated":true}]}}